{"id":23,"date":"2022-11-29T23:21:12","date_gmt":"2022-11-30T02:21:12","guid":{"rendered":"http:\/\/conlape.unespar.edu.br\/?page_id=23"},"modified":"2022-11-30T00:22:47","modified_gmt":"2022-11-30T03:22:47","slug":"formulario-de-inscricao-conlape-2023","status":"publish","type":"page","link":"https:\/\/conlape.unespar.edu.br\/?page_id=23","title":{"rendered":"Formul\u00e1rio de Inscri\u00e7\u00e3o &#8211; Conlape 2023"},"content":{"rendered":"<p>[et_pb_section fb_built=&#8221;1&#8243; _builder_version=&#8221;4.7.0&#8243; _module_preset=&#8221;default&#8221;][et_pb_row _builder_version=&#8221;4.7.0&#8243; _module_preset=&#8221;default&#8221;][et_pb_column type=&#8221;4_4&#8243; _builder_version=&#8221;4.7.0&#8243; _module_preset=&#8221;default&#8221;][et_pb_image _builder_version=&#8221;4.7.0&#8243; _module_preset=&#8221;default&#8221; title_text=&#8221;logo-site_conlape_secisa-1&#8243; src=&#8221;http:\/\/conlape.unespar.edu.br\/wp-content\/uploads\/2022\/11\/logo-site_conlape_secisa-1.png&#8221; hover_enabled=&#8221;0&#8243; sticky_enabled=&#8221;0&#8243;][\/et_pb_image][et_pb_text _builder_version=&#8221;4.7.0&#8243; _module_preset=&#8221;default&#8221; hover_enabled=&#8221;0&#8243; sticky_enabled=&#8221;0&#8243;]<\/p>\n\n                <div class='gf_browser_gecko gform_wrapper' id='gform_wrapper_1' ><form method='post' enctype='multipart\/form-data'  id='gform_1'  action='\/index.php?rest_route=%2Fwp%2Fv2%2Fpages%2F23'>\n                        <div class='gform_heading'>\n                            <h3 class='gform_title'>Formul\u00e1rio de Inscri\u00e7\u00e3o<\/h3>\n                            <span class='gform_description'><\/span>\n                        <\/div>\n                        <div class='gform_body'><ul id='gform_fields_1' class='gform_fields top_label form_sublabel_below description_below'><li id='field_1_1'  class='gfield gfield_contains_required field_sublabel_below field_description_below gfield_visibility_visible' ><label class='gfield_label' for='input_1_1' >Nome Completo<span class='gfield_required'>*<\/span><\/label><div class='ginput_container ginput_container_text'><input name='input_1' id='input_1_1' type='text' value='' class='large'     aria-required=\"true\" aria-invalid=\"false\" \/><\/div><\/li><li id='field_1_3'  class='gfield gfield_contains_required field_sublabel_below field_description_below gfield_visibility_visible' ><label class='gfield_label' for='input_1_3' >Email<span class='gfield_required'>*<\/span><\/label><div class='ginput_container ginput_container_email'>\n                            <input name='input_3' id='input_1_3' type='text' value='' class='large'    aria-required=\"true\" aria-invalid=\"false\" \/>\n                        <\/div><\/li><li id='field_1_4'  class='gfield gf_left_half field_sublabel_below field_description_below gfield_visibility_visible' ><label class='gfield_label'  >Sexo<\/label><div class='ginput_container ginput_container_radio'><ul class='gfield_radio' id='input_1_4'><li class='gchoice_1_4_0'><input name='input_4' type='radio' value='Masculino'  id='choice_1_4_0'    \/><label for='choice_1_4_0' id='label_1_4_0'>Masculino<\/label><\/li><li class='gchoice_1_4_1'><input name='input_4' type='radio' value='Feminino'  id='choice_1_4_1'    \/><label for='choice_1_4_1' id='label_1_4_1'>Feminino<\/label><\/li><li class='gchoice_1_4_2'><input name='input_4' type='radio' value='gf_other_choice'  id='choice_1_4_2'   onfocus=\"jQuery(this).next('input').focus();\" \/><input id='input_1_4_other' name='input_4_other' type='text' value='Outros' aria-label='Outros' onfocus='jQuery(this).prev(\"input\")[0].click(); if(jQuery(this).val() == \"Outros\") { jQuery(this).val(\"\"); }' onblur='if(jQuery(this).val().replace(\" \", \"\") == \"\") { jQuery(this).val(\"Outros\"); }'   \/><\/li><\/ul><\/div><\/li><li id='field_1_5'  class='gfield gf_right_half gfield_contains_required field_sublabel_below field_description_below gfield_visibility_visible' ><label class='gfield_label' for='input_1_5' >Data de Nascimento<span class='gfield_required'>*<\/span><\/label><div class='ginput_container ginput_container_date'>\n                            <input name='input_5' id='input_1_5' type='text' value='' class='datepicker large dmy datepicker_no_icon'    aria-describedby='input_1_5_date_format' \/>\n                            <span id='input_1_5_date_format' class='screen-reader-text'>Formato de dataDD barra MM barra YYYY<\/span>\n                        <\/div>\n                        <input type='hidden' id='gforms_calendar_icon_input_1_5' class='gform_hidden' value='https:\/\/conlape.unespar.edu.br\/wp-content\/plugins\/gravityforms\/images\/calendar.png'\/><\/li><li id='field_1_7'  class='gfield gf_left_half tipo_cpf validar_cpf_cnpj gfield_contains_required field_sublabel_below field_description_below gfield_visibility_visible' ><label class='gfield_label' for='input_1_7' >CPF<span class='gfield_required'>*<\/span><\/label><div class='ginput_container ginput_container_text'><input name='input_7' id='input_1_7' type='text' value='' class='small'     aria-required=\"true\" aria-invalid=\"false\" \/><\/div><\/li><li id='field_1_8'  class='gfield gf_right_half gf-cep-autofill gfield_contains_required field_sublabel_below field_description_below gfield_visibility_visible' ><label class='gfield_label' for='input_1_8' >CEP<span class='gfield_required'>*<\/span><\/label><div class='ginput_container ginput_container_text'><input name='input_8' id='input_1_8' type='text' value='' class='small'     aria-required=\"true\" aria-invalid=\"false\" \/><\/div><\/li><li id='field_1_9'  class='gfield gf-cep-autofill__rua field_sublabel_below field_description_below gfield_visibility_visible' ><label class='gfield_label' for='input_1_9' >Rua<\/label><div class='ginput_container ginput_container_text'><input name='input_9' id='input_1_9' type='text' value='' class='large'      aria-invalid=\"false\" \/><\/div><\/li><li id='field_1_14'  class='gfield field_sublabel_below field_description_below gfield_visibility_visible' ><label class='gfield_label' for='input_1_14' >N\u00famero e Complemento<\/label><div class='ginput_container ginput_container_text'><input name='input_14' id='input_1_14' type='text' value='' class='small'      aria-invalid=\"false\" \/><\/div><\/li><li id='field_1_10'  class='gfield gf-cep-autofill__bairro field_sublabel_below field_description_below gfield_visibility_visible' ><label class='gfield_label' for='input_1_10' >Bairro<\/label><div class='ginput_container ginput_container_text'><input name='input_10' id='input_1_10' type='text' value='' class='large'      aria-invalid=\"false\" \/><\/div><\/li><li id='field_1_11'  class='gfield gf-cep-autofill__cidade field_sublabel_below field_description_below gfield_visibility_visible' ><label class='gfield_label' for='input_1_11' >Cidade<\/label><div class='ginput_container ginput_container_text'><input name='input_11' id='input_1_11' type='text' value='' class='large'      aria-invalid=\"false\" \/><\/div><\/li><li id='field_1_13'  class='gfield gf-cep-autofill__uf field_sublabel_below field_description_below gfield_visibility_visible' ><label class='gfield_label' for='input_1_13' >Estado<\/label><div class='ginput_container ginput_container_select'><select name='input_13' id='input_1_13' class='small gfield_select'    aria-invalid=\"false\"><option value='AC' >Acre<\/option><option value='AL' >Alagoas<\/option><option value='AP' >Amap\u00e1<\/option><option value='AM' >Amazonas<\/option><option value='BA' >Bahia<\/option><option value='CE' >Cear\u00e1<\/option><option value='DF' >Distrito Federal<\/option><option value='ES' >Esp\u00edrito Santo<\/option><option value='GO' >Goi\u00e1s<\/option><option value='MA' >Maranh\u00e3o<\/option><option value='MT' >Mato Grosso<\/option><option value='MS' >Mato Grosso do Sul<\/option><option value='MG' >Minas Gerais<\/option><option value='PA' >Par\u00e1<\/option><option value='PB' >Para\u00edba<\/option><option value='PR' >Paran\u00e1<\/option><option value='PE' >Pernambuco<\/option><option value='PI' >Piau\u00ed<\/option><option value='RJ' >Rio de Janeiro<\/option><option value='RN' >Rio Grande do Norte<\/option><option value='RS' >Rio Grande do Sul<\/option><option value='RO' >Rond\u00f4nia<\/option><option value='RR' >Roraima<\/option><option value='SC' >Santa Catarina<\/option><option value='SP' >S\u00e3o Paulo<\/option><option value='SE' >Sergipe<\/option><option value='TO' >Tocantins<\/option><\/select><\/div><\/li><li id='field_1_23'  class='gfield gsection field_sublabel_below field_description_below gfield_visibility_visible' ><h2 class='gsection_title'><\/h2><\/li><li id='field_1_20'  class='gfield gsection field_sublabel_below field_description_below gfield_visibility_visible' ><h2 class='gsection_title'>Descri\u00e7\u00e3o das modalidades:<\/h2><div class='gsection_description' id='gfield_description_1_20'><BR\/><B>1 - OUVINTE: <\/B><BR\/>\nO \u201couvinte\u201d participar\u00e1 do CONLAPE assistindo \u00e0s apresenta\u00e7\u00f5es e \u00e0s mesas-redondas, podendo  fazer perguntas e indaga\u00e7\u00f5es ap\u00f3s a exposi\u00e7\u00e3o principal, quando o mediador assim permitir. A  participa\u00e7\u00e3o acima de 70% nos eventos dar\u00e1 direito a certificado de participa\u00e7\u00e3o.\n<BR\/><BR\/><B>\n2 - APRESENTA\u00c7\u00c3O DE TRABALHO (apenas artigo completo) <\/B><BR\/>\nApresentadores s\u00e3o os autores de artigos que apresentar\u00e3o em se\u00e7\u00f5es tem\u00e1ticas com local, data  e hor\u00e1rio pr\u00e9-definidos ap\u00f3s a sele\u00e7\u00e3o e aprova\u00e7\u00e3o dos trabalhos. A apresenta\u00e7\u00e3o do trabalho \u00e9  condi\u00e7\u00e3o compuls\u00f3ria para a emiss\u00e3o de certificado e publica\u00e7\u00e3o do artigo nos anais do evento.  UNIVERSIDADE ESTADUAL DO PARAN\u00c1 \u2013 UNESPAR campomourao.unespar.edu.br\/conlape Caso o trabalho tenha mais de um autor, o grupo dever\u00e1 designar um apresentador que ter\u00e1 de 10  a 15 minutos na se\u00e7\u00e3o designada para apresent\u00e1-lo e responder aos questionamentos do p\u00fablico  presente. Ser\u00e3o designados pelas Coordena\u00e7\u00f5es de GTs, entre os professores e orientadores participantes,  os coordenadores que presidir\u00e3o cada se\u00e7\u00e3o de apresenta\u00e7\u00e3o, segundo a afinidade com os  temas. Estes coordenar\u00e3o os trabalhos da se\u00e7\u00e3o com as seguintes atividades: abertura da se\u00e7\u00e3o,  ordenamento das apresenta\u00e7\u00f5es, cronometragem do tempo de cada apresentador, coordena\u00e7\u00e3o  do tempo aberto a perguntas, fechamento da se\u00e7\u00e3o, registro de presen\u00e7a dos participantes e dos  apresentadores.\n<BR\/><BR\/><B>\n3 - MESAS REDONDAS: <\/B><BR\/>\nPoder\u00e3o ser propostas mesas-redondas para a discuss\u00e3o de temas relevantes para o CONLAPE,  preparados e conduzidos por um coordenador (presidente) que exercer\u00e1 o papel de mediador,  orientando o debate em torno do tema principal. Os participantes dever\u00e3o ser especialistas no  tema e apresentar\u00e3o seus pontos de vista com tempo limite total de duas horas, mais o tempo  definido pelo presidente para cada participante da se\u00e7\u00e3o.  Ser\u00e3o emitidos certificados aos ouvintes (acima de 70% do total do evento), ao coordenador e aos  participantes das mesas-redondas.<\/div><\/li><li id='field_1_15'  class='gfield field_sublabel_below field_description_below gfield_visibility_visible' ><label class='gfield_label'  >Modalidade<\/label><div class='ginput_container ginput_container_radio'><ul class='gfield_radio' id='input_1_15'><li class='gchoice_1_15_0'><input name='input_15' type='radio' value='1 - Ouvinte'  id='choice_1_15_0'    \/><label for='choice_1_15_0' id='label_1_15_0'>1 - Ouvinte<\/label><\/li><li class='gchoice_1_15_1'><input name='input_15' type='radio' value='2 - Apresenta\u00e7\u00e3o de Trabalho (apenas artigo completo)'  id='choice_1_15_1'    \/><label for='choice_1_15_1' id='label_1_15_1'>2 - Apresenta\u00e7\u00e3o de Trabalho (apenas artigo completo)<\/label><\/li><li class='gchoice_1_15_2'><input name='input_15' type='radio' value='3 - Mesas Redondas'  id='choice_1_15_2'    \/><label for='choice_1_15_2' id='label_1_15_2'>3 - Mesas Redondas<\/label><\/li><\/ul><\/div><\/li><li id='field_1_22'  class='gfield gsection field_sublabel_below field_description_below gfield_visibility_visible' ><h2 class='gsection_title'><\/h2><\/li><li id='field_1_17'  class='gfield field_sublabel_below field_description_below gfield_visibility_visible' ><label class='gfield_label'  >Grupos de Trabalho: qual a sua \u00e1rea tem\u00e1tica?<\/label><div class='ginput_container ginput_container_radio'><ul class='gfield_radio' id='input_1_17'><li class='gchoice_1_17_0'><input name='input_17' type='radio' value='01 - Administra\u00e7\u00e3o Estrat\u00e9gica e Mercadol\u00f3gica'  id='choice_1_17_0'    \/><label for='choice_1_17_0' id='label_1_17_0'>01 - Administra\u00e7\u00e3o Estrat\u00e9gica e Mercadol\u00f3gica<\/label><\/li><li class='gchoice_1_17_1'><input name='input_17' type='radio' value='02 - Arte e Cultura'  id='choice_1_17_1'    \/><label for='choice_1_17_1' id='label_1_17_1'>02 - Arte e Cultura<\/label><\/li><li class='gchoice_1_17_2'><input name='input_17' type='radio' value='03 - Capitalismo, trabalho, direitos humanos e as interfaces classe, g\u00eanero, ra\u00e7a\/etnia e sexualidade'  id='choice_1_17_2'    \/><label for='choice_1_17_2' id='label_1_17_2'>03 - Capitalismo, trabalho, direitos humanos e as interfaces classe, g\u00eanero, ra\u00e7a\/etnia e sexualidade<\/label><\/li><li class='gchoice_1_17_3'><input name='input_17' type='radio' value='04 -Direito e empresa'  id='choice_1_17_3'    \/><label for='choice_1_17_3' id='label_1_17_3'>04 -Direito e empresa<\/label><\/li><li class='gchoice_1_17_4'><input name='input_17' type='radio' value='05 - Educa\u00e7\u00e3o do campo e escolas campesinas na Am\u00e9rica Latina'  id='choice_1_17_4'    \/><label for='choice_1_17_4' id='label_1_17_4'>05 - Educa\u00e7\u00e3o do campo e escolas campesinas na Am\u00e9rica Latina<\/label><\/li><li class='gchoice_1_17_5'><input name='input_17' type='radio' value='06 - Educa\u00e7\u00e3o Especial e Inclusiva'  id='choice_1_17_5'    \/><label for='choice_1_17_5' id='label_1_17_5'>06 - Educa\u00e7\u00e3o Especial e Inclusiva<\/label><\/li><li class='gchoice_1_17_6'><input name='input_17' type='radio' value='07 - Empreendedorismo e Inova\u00e7\u00e3o'  id='choice_1_17_6'    \/><label for='choice_1_17_6' id='label_1_17_6'>07 - Empreendedorismo e Inova\u00e7\u00e3o<\/label><\/li><li class='gchoice_1_17_7'><input name='input_17' type='radio' value='08 - Arquitetura, Engenharia Civil, Engenharia de Produ\u00e7\u00e3o e Engenharia de Produ\u00e7\u00e3o Agroindustrial'  id='choice_1_17_7'    \/><label for='choice_1_17_7' id='label_1_17_7'>08 - Arquitetura, Engenharia Civil, Engenharia de Produ\u00e7\u00e3o e Engenharia de Produ\u00e7\u00e3o Agroindustrial<\/label><\/li><li class='gchoice_1_17_8'><input name='input_17' type='radio' value='09 - G\u00eanero, sexualidade e direitos humanos em perspectiva: di\u00e1logos multidisciplinares'  id='choice_1_17_8'    \/><label for='choice_1_17_8' id='label_1_17_8'>09 - G\u00eanero, sexualidade e direitos humanos em perspectiva: di\u00e1logos multidisciplinares<\/label><\/li><li class='gchoice_1_17_9'><input name='input_17' type='radio' value='10 - Internacionaliza\u00e7\u00e3o nas organiza\u00e7\u00f5es'  id='choice_1_17_9'    \/><label for='choice_1_17_9' id='label_1_17_9'>10 - Internacionaliza\u00e7\u00e3o nas organiza\u00e7\u00f5es<\/label><\/li><li class='gchoice_1_17_10'><input name='input_17' type='radio' value='11 -  Metodologias e pr\u00e1ticas pedag\u00f3gicas no ensino superior'  id='choice_1_17_10'    \/><label for='choice_1_17_10' id='label_1_17_10'>11 -  Metodologias e pr\u00e1ticas pedag\u00f3gicas no ensino superior<\/label><\/li><li class='gchoice_1_17_11'><input name='input_17' type='radio' value='12 - M\u00fasica e Sa\u00fade - Arte como constru\u00e7\u00e3o de conhecimento, o papel da cultura na transforma\u00e7\u00e3o da sociedade e a experi\u00eancia musical na interdisciplinaridade com a sa\u00fade'  id='choice_1_17_11'    \/><label for='choice_1_17_11' id='label_1_17_11'>12 - M\u00fasica e Sa\u00fade - Arte como constru\u00e7\u00e3o de conhecimento, o papel da cultura na transforma\u00e7\u00e3o da sociedade e a experi\u00eancia musical na interdisciplinaridade com a sa\u00fade<\/label><\/li><li class='gchoice_1_17_12'><input name='input_17' type='radio' value='13 - Pol\u00edticas P\u00fablicas'  id='choice_1_17_12'    \/><label for='choice_1_17_12' id='label_1_17_12'>13 - Pol\u00edticas P\u00fablicas<\/label><\/li><li class='gchoice_1_17_13'><input name='input_17' type='radio' value='14 - Turismo e Desenvolvimento Regional'  id='choice_1_17_13'    \/><label for='choice_1_17_13' id='label_1_17_13'>14 - Turismo e Desenvolvimento Regional<\/label><\/li><li class='gchoice_1_17_14'><input name='input_17' type='radio' value='15 - Sociedade, Sa\u00fade e Meio Ambiente'  id='choice_1_17_14'    \/><label for='choice_1_17_14' id='label_1_17_14'>15 - Sociedade, Sa\u00fade e Meio Ambiente<\/label><\/li><li class='gchoice_1_17_15'><input name='input_17' type='radio' value='16 - Outras temas contempor\u00e2neos'  id='choice_1_17_15'    \/><label for='choice_1_17_15' id='label_1_17_15'>16 - Outras temas contempor\u00e2neos<\/label><\/li><\/ul><\/div><\/li><li id='field_1_21'  class='gfield gsection field_sublabel_below field_description_below gfield_visibility_visible' ><h2 class='gsection_title'><\/h2><\/li><li id='field_1_18'  class='gfield field_sublabel_below field_description_below gfield_visibility_visible' ><label class='gfield_label'  >Anexe aqui o seu artigo - vide regulamento dispon\u00edvel na p\u00e1gina do evento.<\/label><div class='ginput_container ginput_container_fileupload'><div id='gform_multifile_upload_1_18' data-settings='{&quot;runtimes&quot;:&quot;html5,flash,html4&quot;,&quot;browse_button&quot;:&quot;gform_browse_button_1_18&quot;,&quot;container&quot;:&quot;gform_multifile_upload_1_18&quot;,&quot;drop_element&quot;:&quot;gform_drag_drop_area_1_18&quot;,&quot;filelist&quot;:&quot;gform_preview_1_18&quot;,&quot;unique_names&quot;:true,&quot;file_data_name&quot;:&quot;file&quot;,&quot;url&quot;:&quot;https:\\\/\\\/conlape.unespar.edu.br\\\/?gf_page=3db3eaea5f3b593&quot;,&quot;flash_swf_url&quot;:&quot;https:\\\/\\\/conlape.unespar.edu.br\\\/wp-includes\\\/js\\\/plupload\\\/plupload.flash.swf&quot;,&quot;silverlight_xap_url&quot;:&quot;https:\\\/\\\/conlape.unespar.edu.br\\\/wp-includes\\\/js\\\/plupload\\\/plupload.silverlight.xap&quot;,&quot;filters&quot;:{&quot;mime_types&quot;:[{&quot;title&quot;:&quot;Extens\\u00f5es permitidas&quot;,&quot;extensions&quot;:&quot;jpg,gif,jpeg,png,pdf,doc,docx&quot;}],&quot;max_file_size&quot;:&quot;52428800b&quot;},&quot;multipart&quot;:true,&quot;urlstream_upload&quot;:false,&quot;multipart_params&quot;:{&quot;form_id&quot;:1,&quot;field_id&quot;:18},&quot;gf_vars&quot;:{&quot;max_files&quot;:&quot;20&quot;,&quot;message_id&quot;:&quot;gform_multifile_messages_1_18&quot;,&quot;disallowed_extensions&quot;:[&quot;php&quot;,&quot;asp&quot;,&quot;aspx&quot;,&quot;cmd&quot;,&quot;csh&quot;,&quot;bat&quot;,&quot;html&quot;,&quot;htm&quot;,&quot;hta&quot;,&quot;jar&quot;,&quot;exe&quot;,&quot;com&quot;,&quot;js&quot;,&quot;lnk&quot;,&quot;htaccess&quot;,&quot;phtml&quot;,&quot;ps1&quot;,&quot;ps2&quot;,&quot;php3&quot;,&quot;php4&quot;,&quot;php5&quot;,&quot;php6&quot;,&quot;py&quot;,&quot;rb&quot;,&quot;tmp&quot;]}}' class='gform_fileupload_multifile'>\n\t\t\t\t\t\t\t\t\t\t<div id='gform_drag_drop_area_1_18' class='gform_drop_area'>\n\t\t\t\t\t\t\t\t\t\t\t<span class='gform_drop_instructions'>Solte arquivos aqui ou <\/span>\n\t\t\t\t\t\t\t\t\t\t\t<input id='gform_browse_button_1_18' type='button' value='Selecione os arquivos' class='button gform_button_select_files' aria-describedby='extensions_message_1_18'  \/>\n\t\t\t\t\t\t\t\t\t\t<\/div>\n\t\t\t\t\t\t\t\t\t<\/div><span id='extensions_message_1_18' class='screen-reader-text'>Tipos de arquivos permitidos: jpg, gif, jpeg, png, pdf, doc, docx<\/span><div class='validation_message'>\n\t\t\t\t\t\t\t\t<ul id='gform_multifile_messages_1_18'>\n\t\t\t\t\t\t\t\t<\/ul>\n\t\t\t\t\t\t\t<\/div><\/div><div id='gform_preview_1_18'><\/div><div class='gfield_description' id='gfield_description_1_18'><h2>Aten\u00e7\u00e3o, a sua inscri\u00e7\u00e3o somente ser\u00e1 validada ap\u00f3s o pagamento do boleto, o link encontra-se na p\u00e1gina inicial do evento.<\/h2><\/div><\/li>\n                            <\/ul><\/div>\n        <div class='gform_footer top_label'> <input type='submit' id='gform_submit_button_1' class='gform_button button' value='Enviar Inscri\u00e7\u00e3o'  onclick='if(window[\"gf_submitting_1\"]){return false;}  window[\"gf_submitting_1\"]=true;  ' onkeypress='if( event.keyCode == 13 ){ if(window[\"gf_submitting_1\"]){return false;} window[\"gf_submitting_1\"]=true;  jQuery(\"#gform_1\").trigger(\"submit\",[true]); }' \/> \n            <input type='hidden' class='gform_hidden' name='is_submit_1' value='1' \/>\n            <input type='hidden' class='gform_hidden' name='gform_submit' value='1' \/>\n            \n            <input type='hidden' class='gform_hidden' name='gform_unique_id' value='' \/>\n            <input type='hidden' class='gform_hidden' name='state_1' value='WyJbXSIsIjM1ZGU2MjkzNGViNzI0NDZjZWYyNDk2NWYwMjZjNzA3Il0=' \/>\n            <input type='hidden' class='gform_hidden' name='gform_target_page_number_1' id='gform_target_page_number_1' value='0' \/>\n            <input type='hidden' class='gform_hidden' name='gform_source_page_number_1' id='gform_source_page_number_1' value='1' \/>\n            <input type='hidden' name='gform_field_values' value='' \/>\n            <input type='hidden' name='gform_uploaded_files' id='gform_uploaded_files_1' value='' \/>\n        <\/div>\n                        <\/form>\n                        <\/div><script type='text\/javascript'> jQuery(document).bind('gform_post_render', function(event, formId, currentPage){if(formId == 1) {jQuery('#input_1_7').mask('999.999.999-99').bind('keypress', function(e){if(e.which == 13){jQuery(this).blur();} } );jQuery('#input_1_8').mask('99999-999').bind('keypress', function(e){if(e.which == 13){jQuery(this).blur();} } );} } );jQuery(document).bind('gform_post_conditional_logic', function(event, formId, fields, isInit){} );<\/script><script type='text\/javascript'> jQuery(document).ready(function(){jQuery(document).trigger('gform_post_render', [1, 1]) } ); <\/script>\n<p>[\/et_pb_text][\/et_pb_column][\/et_pb_row][\/et_pb_section]<\/p>\n","protected":false},"excerpt":{"rendered":"<p>[et_pb_section fb_built=&#8221;1&#8243; _builder_version=&#8221;4.7.0&#8243; _module_preset=&#8221;default&#8221;][et_pb_row _builder_version=&#8221;4.7.0&#8243; _module_preset=&#8221;default&#8221;][et_pb_column type=&#8221;4_4&#8243; _builder_version=&#8221;4.7.0&#8243; _module_preset=&#8221;default&#8221;][et_pb_image _builder_version=&#8221;4.7.0&#8243; _module_preset=&#8221;default&#8221; title_text=&#8221;logo-site_conlape_secisa-1&#8243; src=&#8221;http:\/\/conlape.unespar.edu.br\/wp-content\/uploads\/2022\/11\/logo-site_conlape_secisa-1.png&#8221; hover_enabled=&#8221;0&#8243; sticky_enabled=&#8221;0&#8243;][\/et_pb_image][et_pb_text _builder_version=&#8221;4.7.0&#8243; _module_preset=&#8221;default&#8221; hover_enabled=&#8221;0&#8243; sticky_enabled=&#8221;0&#8243;] [\/et_pb_text][\/et_pb_column][\/et_pb_row][\/et_pb_section]<\/p>\n","protected":false},"author":1,"featured_media":0,"parent":0,"menu_order":0,"comment_status":"closed","ping_status":"closed","template":"page-template-blank.php","meta":{"_et_pb_use_builder":"on","_et_pb_old_content":"<!-- wp:gravityforms\/form {\"formId\":\"1\"} \/-->","_et_gb_content_width":""},"_links":{"self":[{"href":"https:\/\/conlape.unespar.edu.br\/index.php?rest_route=\/wp\/v2\/pages\/23"}],"collection":[{"href":"https:\/\/conlape.unespar.edu.br\/index.php?rest_route=\/wp\/v2\/pages"}],"about":[{"href":"https:\/\/conlape.unespar.edu.br\/index.php?rest_route=\/wp\/v2\/types\/page"}],"author":[{"embeddable":true,"href":"https:\/\/conlape.unespar.edu.br\/index.php?rest_route=\/wp\/v2\/users\/1"}],"replies":[{"embeddable":true,"href":"https:\/\/conlape.unespar.edu.br\/index.php?rest_route=%2Fwp%2Fv2%2Fcomments&post=23"}],"version-history":[{"count":7,"href":"https:\/\/conlape.unespar.edu.br\/index.php?rest_route=\/wp\/v2\/pages\/23\/revisions"}],"predecessor-version":[{"id":37,"href":"https:\/\/conlape.unespar.edu.br\/index.php?rest_route=\/wp\/v2\/pages\/23\/revisions\/37"}],"wp:attachment":[{"href":"https:\/\/conlape.unespar.edu.br\/index.php?rest_route=%2Fwp%2Fv2%2Fmedia&parent=23"}],"curies":[{"name":"wp","href":"https:\/\/api.w.org\/{rel}","templated":true}]}}