{"id":188,"date":"2023-02-25T00:32:37","date_gmt":"2023-02-25T03:32:37","guid":{"rendered":"http:\/\/conlape.unespar.edu.br\/?page_id=188"},"modified":"2023-02-25T00:35:23","modified_gmt":"2023-02-25T03:35:23","slug":"mesas-redondas","status":"publish","type":"page","link":"https:\/\/conlape.unespar.edu.br\/?page_id=188","title":{"rendered":"Mesas-redondas"},"content":{"rendered":"<p>[et_pb_section fb_built=&#8221;1&#8243; _builder_version=&#8221;4.7.0&#8243; _module_preset=&#8221;default&#8221;][et_pb_row _builder_version=&#8221;4.7.0&#8243; _module_preset=&#8221;default&#8221;][et_pb_column type=&#8221;4_4&#8243; _builder_version=&#8221;4.7.0&#8243; _module_preset=&#8221;default&#8221;][et_pb_image src=&#8221;http:\/\/conlape.unespar.edu.br\/wp-content\/uploads\/2022\/11\/logo-site_conlape_secisa-1.png&#8221; title_text=&#8221;logo-site_conlape_secisa-1&#8243; _builder_version=&#8221;4.7.0&#8243; _module_preset=&#8221;default&#8221;][\/et_pb_image][et_pb_text _builder_version=&#8221;4.7.0&#8243; _module_preset=&#8221;default&#8221;]<\/p>\n\n                <div class='gf_browser_gecko gform_wrapper' id='gform_wrapper_3' ><form method='post' enctype='multipart\/form-data'  id='gform_3'  action='\/index.php?rest_route=%2Fwp%2Fv2%2Fpages%2F188'>\n                        <div class='gform_heading'>\n                            <h3 class='gform_title'>Mesas Redondas<\/h3>\n                            <span class='gform_description'><\/span>\n                        <\/div>\n                        <div class='gform_body'><ul id='gform_fields_3' class='gform_fields top_label form_sublabel_below description_below'><li id='field_3_20'  class='gfield gsection field_sublabel_below field_description_below gfield_visibility_visible' ><h2 class='gsection_title'>Inscri\u00e7\u00e3o para as mesas-redondas<\/h2><div class='gsection_description' id='gfield_description_3_20'>Nos dias 25 a 27\/04\/2023 ser\u00e3o realizados conjuntamente o I CONLAPE \/ V Secisa que contar\u00e1 com a apresenta\u00e7\u00e3o de pesquisas, mesas-redondas, debates, al\u00e9m de posterior publica\u00e7\u00e3o e emiss\u00e3o de certificados de participa\u00e7\u00e3o e apresenta\u00e7\u00e3o.O evento ser\u00e1 realizado juntamente com o V Semin\u00e1rio dos Cursos de Ci\u00eancias Sociais Aplicadas da Unespar (SECISA). Para participar das mesas-redondas, voc\u00ea precisa se inscrever antecipadamente. Venha participar!<\/div><\/li><li id='field_3_1'  class='gfield gfield_contains_required field_sublabel_below field_description_below gfield_visibility_visible' ><label class='gfield_label' for='input_3_1' >Nome Completo<span class='gfield_required'>*<\/span><\/label><div class='ginput_container ginput_container_text'><input name='input_1' id='input_3_1' type='text' value='' class='large'     aria-required=\"true\" aria-invalid=\"false\" \/><\/div><\/li><li id='field_3_3'  class='gfield gfield_contains_required field_sublabel_below field_description_below gfield_visibility_visible' ><label class='gfield_label' for='input_3_3' >Email<span class='gfield_required'>*<\/span><\/label><div class='ginput_container ginput_container_email'>\n                            <input name='input_3' id='input_3_3' type='text' value='' class='large'    aria-required=\"true\" aria-invalid=\"false\" \/>\n                        <\/div><\/li><li id='field_3_7'  class='gfield gf_left_half tipo_cpf validar_cpf_cnpj gfield_contains_required field_sublabel_below field_description_below gfield_visibility_visible' ><label class='gfield_label' for='input_3_7' >CPF<span class='gfield_required'>*<\/span><\/label><div class='ginput_container ginput_container_text'><input name='input_7' id='input_3_7' type='text' value='' class='small'     aria-required=\"true\" aria-invalid=\"false\" \/><\/div><\/li><li id='field_3_24'  class='gfield gf_right_half gfield_contains_required field_sublabel_below field_description_below gfield_visibility_visible' ><label class='gfield_label' for='input_3_24' >Telefone<span class='gfield_required'>*<\/span><\/label><div class='ginput_container ginput_container_text'><input name='input_24' id='input_3_24' type='text' value='' class='small'     aria-required=\"true\" aria-invalid=\"false\" \/><\/div><\/li><li id='field_3_25'  class='gfield gfield_contains_required field_sublabel_below field_description_below gfield_visibility_visible' ><label class='gfield_label' for='input_3_25' >Institui\u00e7\u00e3o de Vincula\u00e7\u00e3o<span class='gfield_required'>*<\/span><\/label><div class='ginput_container ginput_container_text'><input name='input_25' id='input_3_25' type='text' value='' class='large'     aria-required=\"true\" aria-invalid=\"false\" \/><\/div><\/li><li id='field_3_22'  class='gfield gsection field_sublabel_below field_description_below gfield_visibility_visible' ><h2 class='gsection_title'><\/h2><\/li><li id='field_3_17'  class='gfield gfield_contains_required field_sublabel_below field_description_below gfield_visibility_visible' ><label class='gfield_label'  >Em qual mesa-redonda voc\u00ea deseja se inscrever\/participar?<span class='gfield_required'>*<\/span><\/label><div class='ginput_container ginput_container_radio'><ul class='gfield_radio' id='input_3_17'><li class='gchoice_3_17_0'><input name='input_17' type='radio' value='GT 2 - Mesa A - Arte e cultura na transforma\u00e7\u00e3o social.'  id='choice_3_17_0'    \/><label for='choice_3_17_0' id='label_3_17_0'>GT 2 - Mesa A - Arte e cultura na transforma\u00e7\u00e3o social.<\/label><\/li><li class='gchoice_3_17_1'><input name='input_17' type='radio' value='GT 4 - Mesa A - Direito e empresa: como o direito se manifesta no \u00e2mbito empresarial e como pode auxiliar na gest\u00e3o e planejamento das empresas.'  id='choice_3_17_1'    \/><label for='choice_3_17_1' id='label_3_17_1'>GT 4 - Mesa A - Direito e empresa: como o direito se manifesta no \u00e2mbito empresarial e como pode auxiliar na gest\u00e3o e planejamento das empresas.<\/label><\/li><li class='gchoice_3_17_2'><input name='input_17' type='radio' value='GT 5 - Mesa A - Educa\u00e7\u00e3o do campo: desafios contempor\u00e2neos'  id='choice_3_17_2'    \/><label for='choice_3_17_2' id='label_3_17_2'>GT 5 - Mesa A - Educa\u00e7\u00e3o do campo: desafios contempor\u00e2neos<\/label><\/li><li class='gchoice_3_17_3'><input name='input_17' type='radio' value='GT 6 - Mesa A - Educa\u00e7\u00e3o Especial e Inclusiva: pol\u00edticas e pr\u00e1ticas de ensino-aprendizagem.'  id='choice_3_17_3'    \/><label for='choice_3_17_3' id='label_3_17_3'>GT 6 - Mesa A - Educa\u00e7\u00e3o Especial e Inclusiva: pol\u00edticas e pr\u00e1ticas de ensino-aprendizagem.<\/label><\/li><li class='gchoice_3_17_4'><input name='input_17' type='radio' value='GT 7 - Mesa A - A Geopol\u00edtica da Inova\u00e7\u00e3o e o papel dos Estados nacionais.'  id='choice_3_17_4'    \/><label for='choice_3_17_4' id='label_3_17_4'>GT 7 - Mesa A - A Geopol\u00edtica da Inova\u00e7\u00e3o e o papel dos Estados nacionais.<\/label><\/li><li class='gchoice_3_17_5'><input name='input_17' type='radio' value='GT 7 - Mesa B - Pol\u00edticas P\u00fablicas para Inova\u00e7\u00e3o e Tecnologia.'  id='choice_3_17_5'    \/><label for='choice_3_17_5' id='label_3_17_5'>GT 7 - Mesa B - Pol\u00edticas P\u00fablicas para Inova\u00e7\u00e3o e Tecnologia.<\/label><\/li><li class='gchoice_3_17_6'><input name='input_17' type='radio' value='GT 12 - Mesa A - Sa\u00fade auditiva das pessoas no fazer a na aprecia\u00e7\u00e3o musical: m\u00fasicos, musicoterapeutas e sociedade em geral, que tem o h\u00e1bito de ouvir m\u00fasica em alta intensidade.'  id='choice_3_17_6'    \/><label for='choice_3_17_6' id='label_3_17_6'>GT 12 - Mesa A - Sa\u00fade auditiva das pessoas no fazer a na aprecia\u00e7\u00e3o musical: m\u00fasicos, musicoterapeutas e sociedade em geral, que tem o h\u00e1bito de ouvir m\u00fasica em alta intensidade.<\/label><\/li><li class='gchoice_3_17_7'><input name='input_17' type='radio' value='GT 12 - Mesa B - Rela\u00e7\u00e3o entre as pr\u00e1ticas musicais qualidade de vida e bem estar envolvendo a\u00e7\u00f5es realizadas em CRAS - Centros de Refer\u00eancia de Assist\u00eancia Social e pelo SUS - Sistema \u00fanico de Sa\u00fade por meio das PICs - Pr\u00e1ticas Integrativas e Complementares.'  id='choice_3_17_7'    \/><label for='choice_3_17_7' id='label_3_17_7'>GT 12 - Mesa B - Rela\u00e7\u00e3o entre as pr\u00e1ticas musicais qualidade de vida e bem estar envolvendo a\u00e7\u00f5es realizadas em CRAS - Centros de Refer\u00eancia de Assist\u00eancia Social e pelo SUS - Sistema \u00fanico de Sa\u00fade por meio das PICs - Pr\u00e1ticas Integrativas e Complementares.<\/label><\/li><li class='gchoice_3_17_8'><input name='input_17' type='radio' value='GT 13 - Mesa A - A participa\u00e7\u00e3o e o controle social no \u00e2mbito nas pol\u00edticas p\u00fablicas: limites e possibilidades.'  id='choice_3_17_8'    \/><label for='choice_3_17_8' id='label_3_17_8'>GT 13 - Mesa A - A participa\u00e7\u00e3o e o controle social no \u00e2mbito nas pol\u00edticas p\u00fablicas: limites e possibilidades.<\/label><\/li><li class='gchoice_3_17_9'><input name='input_17' type='radio' value='GT 14 - Mesa A - Interpreta\u00e7\u00e3o do patrim\u00f4nio em museus: valoriza\u00e7\u00e3o da comunica\u00e7\u00e3o com o visitante em foco.'  id='choice_3_17_9'    \/><label for='choice_3_17_9' id='label_3_17_9'>GT 14 - Mesa A - Interpreta\u00e7\u00e3o do patrim\u00f4nio em museus: valoriza\u00e7\u00e3o da comunica\u00e7\u00e3o com o visitante em foco.<\/label><\/li><li class='gchoice_3_17_10'><input name='input_17' type='radio' value='GT 14 - Mesa B - Sustentabilidade nas organiza\u00e7\u00f5es: casos de sucesso.'  id='choice_3_17_10'    \/><label for='choice_3_17_10' id='label_3_17_10'>GT 14 - Mesa B - Sustentabilidade nas organiza\u00e7\u00f5es: casos de sucesso.<\/label><\/li><li class='gchoice_3_17_11'><input name='input_17' type='radio' value='GT 14 - Mesa C - Turismo e Gastronomia: um olhar sobre a atua\u00e7\u00e3o do Bacharel em Turismo.'  id='choice_3_17_11'    \/><label for='choice_3_17_11' id='label_3_17_11'>GT 14 - Mesa C - Turismo e Gastronomia: um olhar sobre a atua\u00e7\u00e3o do Bacharel em Turismo.<\/label><\/li><li class='gchoice_3_17_12'><input name='input_17' type='radio' value='GT 14 - Mesa D - Gastronomia, Cultura e Turismo.'  id='choice_3_17_12'    \/><label for='choice_3_17_12' id='label_3_17_12'>GT 14 - Mesa D - Gastronomia, Cultura e Turismo.<\/label><\/li><li class='gchoice_3_17_13'><input name='input_17' type='radio' value='GT 16 - Mesa A - Pedagogia Hist\u00f3rico-Cr\u00edtica e Emancipa\u00e7\u00e3o.'  id='choice_3_17_13'    \/><label for='choice_3_17_13' id='label_3_17_13'>GT 16 - Mesa A - Pedagogia Hist\u00f3rico-Cr\u00edtica e Emancipa\u00e7\u00e3o.<\/label><\/li><li class='gchoice_3_17_14'><input name='input_17' type='radio' value='GT 16 - Mesa B - Desigualdade Social: Possibilidades e Limites para seu Enfrentamento na Conjuntura Brasileira.'  id='choice_3_17_14'    \/><label for='choice_3_17_14' id='label_3_17_14'>GT 16 - Mesa B - Desigualdade Social: Possibilidades e Limites para seu Enfrentamento na Conjuntura Brasileira.<\/label><\/li><\/ul><\/div><\/li>\n                            <\/ul><\/div>\n        <div class='gform_footer top_label'> <input type='submit' id='gform_submit_button_3' class='gform_button button' value='Enviar Inscri\u00e7\u00e3o'  onclick='if(window[\"gf_submitting_3\"]){return false;}  window[\"gf_submitting_3\"]=true;  ' onkeypress='if( event.keyCode == 13 ){ if(window[\"gf_submitting_3\"]){return false;} window[\"gf_submitting_3\"]=true;  jQuery(\"#gform_3\").trigger(\"submit\",[true]); }' \/> \n            <input type='hidden' class='gform_hidden' name='is_submit_3' value='1' \/>\n            <input type='hidden' class='gform_hidden' name='gform_submit' value='3' \/>\n            \n            <input type='hidden' class='gform_hidden' name='gform_unique_id' value='' \/>\n            <input type='hidden' class='gform_hidden' name='state_3' value='WyJbXSIsIjM1ZGU2MjkzNGViNzI0NDZjZWYyNDk2NWYwMjZjNzA3Il0=' \/>\n            <input type='hidden' class='gform_hidden' name='gform_target_page_number_3' id='gform_target_page_number_3' value='0' \/>\n            <input type='hidden' class='gform_hidden' name='gform_source_page_number_3' id='gform_source_page_number_3' value='1' \/>\n            <input type='hidden' name='gform_field_values' value='' \/>\n            \n        <\/div>\n                        <\/form>\n                        <\/div><script type='text\/javascript'> jQuery(document).bind('gform_post_render', function(event, formId, currentPage){if(formId == 3) {jQuery('#input_3_7').mask('999.999.999-99').bind('keypress', function(e){if(e.which == 13){jQuery(this).blur();} } );jQuery('#input_3_24').mask('(99) 99999-9999').bind('keypress', function(e){if(e.which == 13){jQuery(this).blur();} } );} } );jQuery(document).bind('gform_post_conditional_logic', function(event, formId, fields, isInit){} );<\/script><script type='text\/javascript'> jQuery(document).ready(function(){jQuery(document).trigger('gform_post_render', [3, 1]) } ); <\/script>\n<p>[\/et_pb_text][\/et_pb_column][\/et_pb_row][\/et_pb_section]<\/p>\n","protected":false},"excerpt":{"rendered":"<p>[et_pb_section fb_built=&#8221;1&#8243; _builder_version=&#8221;4.7.0&#8243; _module_preset=&#8221;default&#8221;][et_pb_row _builder_version=&#8221;4.7.0&#8243; _module_preset=&#8221;default&#8221;][et_pb_column type=&#8221;4_4&#8243; _builder_version=&#8221;4.7.0&#8243; _module_preset=&#8221;default&#8221;][et_pb_image src=&#8221;http:\/\/conlape.unespar.edu.br\/wp-content\/uploads\/2022\/11\/logo-site_conlape_secisa-1.png&#8221; title_text=&#8221;logo-site_conlape_secisa-1&#8243; _builder_version=&#8221;4.7.0&#8243; _module_preset=&#8221;default&#8221;][\/et_pb_image][et_pb_text _builder_version=&#8221;4.7.0&#8243; _module_preset=&#8221;default&#8221;] [\/et_pb_text][\/et_pb_column][\/et_pb_row][\/et_pb_section]<\/p>\n","protected":false},"author":1,"featured_media":0,"parent":0,"menu_order":0,"comment_status":"closed","ping_status":"closed","template":"","meta":{"_et_pb_use_builder":"on","_et_pb_old_content":"","_et_gb_content_width":""},"_links":{"self":[{"href":"https:\/\/conlape.unespar.edu.br\/index.php?rest_route=\/wp\/v2\/pages\/188"}],"collection":[{"href":"https:\/\/conlape.unespar.edu.br\/index.php?rest_route=\/wp\/v2\/pages"}],"about":[{"href":"https:\/\/conlape.unespar.edu.br\/index.php?rest_route=\/wp\/v2\/types\/page"}],"author":[{"embeddable":true,"href":"https:\/\/conlape.unespar.edu.br\/index.php?rest_route=\/wp\/v2\/users\/1"}],"replies":[{"embeddable":true,"href":"https:\/\/conlape.unespar.edu.br\/index.php?rest_route=%2Fwp%2Fv2%2Fcomments&post=188"}],"version-history":[{"count":4,"href":"https:\/\/conlape.unespar.edu.br\/index.php?rest_route=\/wp\/v2\/pages\/188\/revisions"}],"predecessor-version":[{"id":196,"href":"https:\/\/conlape.unespar.edu.br\/index.php?rest_route=\/wp\/v2\/pages\/188\/revisions\/196"}],"wp:attachment":[{"href":"https:\/\/conlape.unespar.edu.br\/index.php?rest_route=%2Fwp%2Fv2%2Fmedia&parent=188"}],"curies":[{"name":"wp","href":"https:\/\/api.w.org\/{rel}","templated":true}]}}